{"id":3,"date":"2024-02-12T19:56:34","date_gmt":"2024-02-12T18:56:34","guid":{"rendered":"http:\/\/goodvibesdermo.fr\/?page_id=3"},"modified":"2024-02-13T21:21:48","modified_gmt":"2024-02-13T20:21:48","slug":"mentions-legales","status":"publish","type":"page","link":"https:\/\/goodvibesdermo.fr\/index.php\/mentions-legales\/","title":{"rendered":"Mentions l\u00e9gales"},"content":{"rendered":"\t\t<div data-elementor-type=\"wp-page\" data-elementor-id=\"3\" class=\"elementor elementor-3\">\n\t\t\t\t\t\t<section class=\"elementor-section elementor-top-section elementor-element elementor-element-2b4810c elementor-section-boxed elementor-section-height-default elementor-section-height-default\" data-id=\"2b4810c\" data-element_type=\"section\" data-e-type=\"section\" data-settings=\"{&quot;background_background&quot;:&quot;classic&quot;}\">\n\t\t\t\t\t\t<div class=\"elementor-container elementor-column-gap-default\">\n\t\t\t\t\t<div class=\"elementor-column elementor-col-100 elementor-top-column elementor-element elementor-element-3159aa5\" data-id=\"3159aa5\" data-element_type=\"column\" data-e-type=\"column\" data-settings=\"{&quot;background_background&quot;:&quot;classic&quot;}\">\n\t\t\t<div class=\"elementor-widget-wrap elementor-element-populated\">\n\t\t\t\t\t\t<div class=\"elementor-element elementor-element-82c146a elementor-widget elementor-widget-heading\" data-id=\"82c146a\" data-element_type=\"widget\" data-e-type=\"widget\" data-widget_type=\"heading.default\">\n\t\t\t\t<div class=\"elementor-widget-container\">\n\t\t\t\t\t<h1 class=\"elementor-heading-title elementor-size-default\">Mentions l\u00e9gales<\/h1>\t\t\t\t<\/div>\n\t\t\t\t<\/div>\n\t\t\t\t<div class=\"elementor-element elementor-element-2050472 elementor-widget elementor-widget-text-editor\" data-id=\"2050472\" data-element_type=\"widget\" data-e-type=\"widget\" data-widget_type=\"text-editor.default\">\n\t\t\t\t<div class=\"elementor-widget-container\">\n\t\t\t\t\t\t\t\t\t<p>En vigueur au 13\/02\/2024<\/p>\n<p>Conform\u00e9ment aux dispositions des Articles 6-III et 19 de la Loi n\u00b02004-575 du 21 juin 2004 pour la Confiance dans l\u2019\u00e9conomie num\u00e9rique, dite L.C.E.N., il est port\u00e9 \u00e0 la connaissance des utilisateurs et visiteurs, ci-apr\u00e8s l\u00a0\u00bbUtilisateur\u00a0\u00bb, du site goodvibesdermo.fr , ci-apr\u00e8s le \u00ab\u00a0Site\u00a0\u00bb, les pr\u00e9sentes mentions l\u00e9gales.<\/p>\n<p>La connexion et la navigation sur le Site par l\u2019Utilisateur implique acceptation int\u00e9grale et sans r\u00e9serve des pr\u00e9sentes mentions l\u00e9gales.<\/p>\n<p>Ces derni\u00e8res sont accessibles sur le Site \u00e0 la rubrique \u00ab Mentions l\u00e9gales \u00bb.<\/p>\n<p><strong>ARTICLE 1 &#8211; L&rsquo;EDITEUR<\/strong><\/p>\n<p>L\u2019\u00e9dition et la direction de la publication du Site est assur\u00e9e par CONFAIS Cindy, domicili\u00e9e 355 avenue Pierre Seghers 84000 Avignon, dont le num\u00e9ro de t\u00e9l\u00e9phone est 0744818394, et l&rsquo;adresse e-mail contact@goodvibesdermo.fr.<br \/><br \/>ci-apr\u00e8s l'\u00a0\u00bbEditeur\u00a0\u00bb.<\/p>\n<p><strong>ARTICLE 2 &#8211; L&rsquo;HEBERGEUR<\/strong><\/p>\n<p>L&rsquo;h\u00e9bergeur du Site est la soci\u00e9t\u00e9 OVH, dont le si\u00e8ge social est situ\u00e9 au 2, rue Kellermann, 59100 Roubaix. , avec le num\u00e9ro de t\u00e9l\u00e9phone : 1007 + adresse mail de contact<\/p>\n<p><strong>ARTICLE 3 &#8211; ACCES AU SITE<\/strong><\/p>\n<p>Le Site est accessible en tout endroit, 7j\/7, 24h\/24 sauf cas de force majeure, interruption programm\u00e9e ou non et pouvant d\u00e9coulant d\u2019une n\u00e9cessit\u00e9 de maintenance.<\/p>\n<p>En cas de modification, interruption ou suspension du Site, l&rsquo;Editeur ne saurait \u00eatre tenu responsable.<\/p>\n<p><strong>ARTICLE 4 &#8211; COLLECTE DES DONNEES<\/strong><\/p>\n<p>Le Site assure \u00e0 l&rsquo;Utilisateur une collecte et un traitement d&rsquo;informations personnelles dans le respect de la vie priv\u00e9e conform\u00e9ment \u00e0 la loi n\u00b078-17 du 6 janvier 1978 relative \u00e0 l&rsquo;informatique, aux fichiers et aux libert\u00e9s.<\/p>\n<p>En vertu de la loi Informatique et Libert\u00e9s, en date du 6 janvier 1978, l&rsquo;Utilisateur dispose d&rsquo;un droit d&rsquo;acc\u00e8s, de rectification, de suppression et d&rsquo;opposition de ses donn\u00e9es personnelles. L&rsquo;Utilisateur exerce ce droit :<br \/>\u00b7 via un formulaire de contact ;<br \/><br \/><br \/>Toute utilisation, reproduction, diffusion, commercialisation, modification de toute ou partie du Site, sans autorisation de l\u2019Editeur est prohib\u00e9e et pourra entra\u00een\u00e9e des actions et poursuites judiciaires telles que notamment pr\u00e9vues par le Code de la propri\u00e9t\u00e9 intellectuelle et le Code civil.<\/p>\t\t\t\t\t\t\t\t<\/div>\n\t\t\t\t<\/div>\n\t\t\t\t<div class=\"elementor-element elementor-element-1f52ae3 elementor-align-left elementor-widget elementor-widget-button\" data-id=\"1f52ae3\" data-element_type=\"widget\" data-e-type=\"widget\" data-widget_type=\"button.default\">\n\t\t\t\t<div class=\"elementor-widget-container\">\n\t\t\t\t\t\t\t\t\t<div class=\"elementor-button-wrapper\">\n\t\t\t\t\t<a class=\"elementor-button elementor-button-link elementor-size-sm\" href=\"https:\/\/goodvibesdermo.fr\/\">\n\t\t\t\t\t\t<span class=\"elementor-button-content-wrapper\">\n\t\t\t\t\t\t\t\t\t<span class=\"elementor-button-text\">Retourner \u00e0 l'accueil<\/span>\n\t\t\t\t\t<\/span>\n\t\t\t\t\t<\/a>\n\t\t\t\t<\/div>\n\t\t\t\t\t\t\t\t<\/div>\n\t\t\t\t<\/div>\n\t\t\t\t\t<\/div>\n\t\t<\/div>\n\t\t\t\t\t<\/div>\n\t\t<\/section>\n\t\t\t\t<\/div>\n\t\t","protected":false},"excerpt":{"rendered":"<p>Mentions l\u00e9gales En vigueur au 13\/02\/2024 Conform\u00e9ment aux dispositions des Articles 6-III et 19 de la Loi n\u00b02004-575 du 21 juin 2004 pour la Confiance dans l\u2019\u00e9conomie num\u00e9rique, dite L.C.E.N., il est port\u00e9 \u00e0 la connaissance des utilisateurs et visiteurs, ci-apr\u00e8s l\u00a0\u00bbUtilisateur\u00a0\u00bb, du site goodvibesdermo.fr , ci-apr\u00e8s le \u00ab\u00a0Site\u00a0\u00bb, les pr\u00e9sentes mentions l\u00e9gales. La connexion [&hellip;]<\/p>\n","protected":false},"author":1,"featured_media":0,"parent":0,"menu_order":0,"comment_status":"closed","ping_status":"open","template":"elementor_canvas","meta":{"footnotes":""},"class_list":["post-3","page","type-page","status-publish","hentry"],"yoast_head":"<!-- This site is optimized with the Yoast SEO plugin v27.3 - https:\/\/yoast.com\/product\/yoast-seo-wordpress\/ -->\n<title>Mentions l\u00e9gales - Good Vibes Dermo<\/title>\n<meta name=\"robots\" content=\"noindex, nofollow\" \/>\n<meta property=\"og:locale\" content=\"fr_FR\" \/>\n<meta property=\"og:type\" content=\"article\" \/>\n<meta property=\"og:title\" content=\"Mentions l\u00e9gales - Good Vibes Dermo\" \/>\n<meta property=\"og:description\" content=\"Mentions l\u00e9gales En vigueur au 13\/02\/2024 Conform\u00e9ment aux dispositions des Articles 6-III et 19 de la Loi n\u00b02004-575 du 21 juin 2004 pour la Confiance dans l\u2019\u00e9conomie num\u00e9rique, dite L.C.E.N., il est port\u00e9 \u00e0 la connaissance des utilisateurs et visiteurs, ci-apr\u00e8s l\u00a0\u00bbUtilisateur\u00a0\u00bb, du site goodvibesdermo.fr , ci-apr\u00e8s le \u00ab\u00a0Site\u00a0\u00bb, les pr\u00e9sentes mentions l\u00e9gales. La connexion [&hellip;]\" \/>\n<meta property=\"og:url\" content=\"https:\/\/goodvibesdermo.fr\/index.php\/mentions-legales\/\" \/>\n<meta property=\"og:site_name\" content=\"Good Vibes Dermo\" \/>\n<meta property=\"article:modified_time\" content=\"2024-02-13T20:21:48+00:00\" \/>\n<meta name=\"twitter:card\" content=\"summary_large_image\" \/>\n<meta name=\"twitter:label1\" content=\"Dur\u00e9e de lecture estim\u00e9e\" \/>\n\t<meta name=\"twitter:data1\" content=\"2 minutes\" \/>\n<script type=\"application\/ld+json\" class=\"yoast-schema-graph\">{\"@context\":\"https:\\\/\\\/schema.org\",\"@graph\":[{\"@type\":\"WebPage\",\"@id\":\"https:\\\/\\\/goodvibesdermo.fr\\\/index.php\\\/mentions-legales\\\/\",\"url\":\"https:\\\/\\\/goodvibesdermo.fr\\\/index.php\\\/mentions-legales\\\/\",\"name\":\"Mentions l\u00e9gales - Good Vibes Dermo\",\"isPartOf\":{\"@id\":\"https:\\\/\\\/goodvibesdermo.fr\\\/#website\"},\"datePublished\":\"2024-02-12T18:56:34+00:00\",\"dateModified\":\"2024-02-13T20:21:48+00:00\",\"breadcrumb\":{\"@id\":\"https:\\\/\\\/goodvibesdermo.fr\\\/index.php\\\/mentions-legales\\\/#breadcrumb\"},\"inLanguage\":\"fr-FR\",\"potentialAction\":[{\"@type\":\"ReadAction\",\"target\":[\"https:\\\/\\\/goodvibesdermo.fr\\\/index.php\\\/mentions-legales\\\/\"]}]},{\"@type\":\"BreadcrumbList\",\"@id\":\"https:\\\/\\\/goodvibesdermo.fr\\\/index.php\\\/mentions-legales\\\/#breadcrumb\",\"itemListElement\":[{\"@type\":\"ListItem\",\"position\":1,\"name\":\"Accueil\",\"item\":\"https:\\\/\\\/goodvibesdermo.fr\\\/\"},{\"@type\":\"ListItem\",\"position\":2,\"name\":\"Mentions l\u00e9gales\"}]},{\"@type\":\"WebSite\",\"@id\":\"https:\\\/\\\/goodvibesdermo.fr\\\/#website\",\"url\":\"https:\\\/\\\/goodvibesdermo.fr\\\/\",\"name\":\"Good Vibes Dermo\",\"description\":\"Maquillage semi-permanent, bar \u00e0 sourcils et strass dentaires \u00e0 Avignon!\",\"publisher\":{\"@id\":\"https:\\\/\\\/goodvibesdermo.fr\\\/#organization\"},\"potentialAction\":[{\"@type\":\"SearchAction\",\"target\":{\"@type\":\"EntryPoint\",\"urlTemplate\":\"https:\\\/\\\/goodvibesdermo.fr\\\/?s={search_term_string}\"},\"query-input\":{\"@type\":\"PropertyValueSpecification\",\"valueRequired\":true,\"valueName\":\"search_term_string\"}}],\"inLanguage\":\"fr-FR\"},{\"@type\":\"Organization\",\"@id\":\"https:\\\/\\\/goodvibesdermo.fr\\\/#organization\",\"name\":\"Good Vibes Dermo\",\"url\":\"https:\\\/\\\/goodvibesdermo.fr\\\/\",\"logo\":{\"@type\":\"ImageObject\",\"inLanguage\":\"fr-FR\",\"@id\":\"https:\\\/\\\/goodvibesdermo.fr\\\/#\\\/schema\\\/logo\\\/image\\\/\",\"url\":\"https:\\\/\\\/goodvibesdermo.fr\\\/wp-content\\\/uploads\\\/2025\\\/12\\\/cropped-Copie-de-cartes-de-visites-Logo.png\",\"contentUrl\":\"https:\\\/\\\/goodvibesdermo.fr\\\/wp-content\\\/uploads\\\/2025\\\/12\\\/cropped-Copie-de-cartes-de-visites-Logo.png\",\"width\":500,\"height\":390,\"caption\":\"Good Vibes Dermo\"},\"image\":{\"@id\":\"https:\\\/\\\/goodvibesdermo.fr\\\/#\\\/schema\\\/logo\\\/image\\\/\"}}]}<\/script>\n<!-- \/ Yoast SEO plugin. -->","yoast_head_json":{"title":"Mentions l\u00e9gales - Good Vibes Dermo","robots":{"index":"noindex","follow":"nofollow"},"og_locale":"fr_FR","og_type":"article","og_title":"Mentions l\u00e9gales - Good Vibes Dermo","og_description":"Mentions l\u00e9gales En vigueur au 13\/02\/2024 Conform\u00e9ment aux dispositions des Articles 6-III et 19 de la Loi n\u00b02004-575 du 21 juin 2004 pour la Confiance dans l\u2019\u00e9conomie num\u00e9rique, dite L.C.E.N., il est port\u00e9 \u00e0 la connaissance des utilisateurs et visiteurs, ci-apr\u00e8s l\u00a0\u00bbUtilisateur\u00a0\u00bb, du site goodvibesdermo.fr , ci-apr\u00e8s le \u00ab\u00a0Site\u00a0\u00bb, les pr\u00e9sentes mentions l\u00e9gales. La connexion [&hellip;]","og_url":"https:\/\/goodvibesdermo.fr\/index.php\/mentions-legales\/","og_site_name":"Good Vibes Dermo","article_modified_time":"2024-02-13T20:21:48+00:00","twitter_card":"summary_large_image","twitter_misc":{"Dur\u00e9e de lecture estim\u00e9e":"2 minutes"},"schema":{"@context":"https:\/\/schema.org","@graph":[{"@type":"WebPage","@id":"https:\/\/goodvibesdermo.fr\/index.php\/mentions-legales\/","url":"https:\/\/goodvibesdermo.fr\/index.php\/mentions-legales\/","name":"Mentions l\u00e9gales - Good Vibes Dermo","isPartOf":{"@id":"https:\/\/goodvibesdermo.fr\/#website"},"datePublished":"2024-02-12T18:56:34+00:00","dateModified":"2024-02-13T20:21:48+00:00","breadcrumb":{"@id":"https:\/\/goodvibesdermo.fr\/index.php\/mentions-legales\/#breadcrumb"},"inLanguage":"fr-FR","potentialAction":[{"@type":"ReadAction","target":["https:\/\/goodvibesdermo.fr\/index.php\/mentions-legales\/"]}]},{"@type":"BreadcrumbList","@id":"https:\/\/goodvibesdermo.fr\/index.php\/mentions-legales\/#breadcrumb","itemListElement":[{"@type":"ListItem","position":1,"name":"Accueil","item":"https:\/\/goodvibesdermo.fr\/"},{"@type":"ListItem","position":2,"name":"Mentions l\u00e9gales"}]},{"@type":"WebSite","@id":"https:\/\/goodvibesdermo.fr\/#website","url":"https:\/\/goodvibesdermo.fr\/","name":"Good Vibes Dermo","description":"Maquillage semi-permanent, bar \u00e0 sourcils et strass dentaires \u00e0 Avignon!","publisher":{"@id":"https:\/\/goodvibesdermo.fr\/#organization"},"potentialAction":[{"@type":"SearchAction","target":{"@type":"EntryPoint","urlTemplate":"https:\/\/goodvibesdermo.fr\/?s={search_term_string}"},"query-input":{"@type":"PropertyValueSpecification","valueRequired":true,"valueName":"search_term_string"}}],"inLanguage":"fr-FR"},{"@type":"Organization","@id":"https:\/\/goodvibesdermo.fr\/#organization","name":"Good Vibes Dermo","url":"https:\/\/goodvibesdermo.fr\/","logo":{"@type":"ImageObject","inLanguage":"fr-FR","@id":"https:\/\/goodvibesdermo.fr\/#\/schema\/logo\/image\/","url":"https:\/\/goodvibesdermo.fr\/wp-content\/uploads\/2025\/12\/cropped-Copie-de-cartes-de-visites-Logo.png","contentUrl":"https:\/\/goodvibesdermo.fr\/wp-content\/uploads\/2025\/12\/cropped-Copie-de-cartes-de-visites-Logo.png","width":500,"height":390,"caption":"Good Vibes Dermo"},"image":{"@id":"https:\/\/goodvibesdermo.fr\/#\/schema\/logo\/image\/"}}]}},"_links":{"self":[{"href":"https:\/\/goodvibesdermo.fr\/index.php\/wp-json\/wp\/v2\/pages\/3","targetHints":{"allow":["GET"]}}],"collection":[{"href":"https:\/\/goodvibesdermo.fr\/index.php\/wp-json\/wp\/v2\/pages"}],"about":[{"href":"https:\/\/goodvibesdermo.fr\/index.php\/wp-json\/wp\/v2\/types\/page"}],"author":[{"embeddable":true,"href":"https:\/\/goodvibesdermo.fr\/index.php\/wp-json\/wp\/v2\/users\/1"}],"replies":[{"embeddable":true,"href":"https:\/\/goodvibesdermo.fr\/index.php\/wp-json\/wp\/v2\/comments?post=3"}],"version-history":[{"count":4,"href":"https:\/\/goodvibesdermo.fr\/index.php\/wp-json\/wp\/v2\/pages\/3\/revisions"}],"predecessor-version":[{"id":69,"href":"https:\/\/goodvibesdermo.fr\/index.php\/wp-json\/wp\/v2\/pages\/3\/revisions\/69"}],"wp:attachment":[{"href":"https:\/\/goodvibesdermo.fr\/index.php\/wp-json\/wp\/v2\/media?parent=3"}],"curies":[{"name":"wp","href":"https:\/\/api.w.org\/{rel}","templated":true}]}}